{"id":14,"date":"2018-11-15T19:04:29","date_gmt":"2018-11-15T19:04:29","guid":{"rendered":"production.sitrack.com.uy\/portal\/?page_id=14"},"modified":"2020-03-10T20:10:37","modified_gmt":"2020-03-10T20:10:37","slug":"quienes-somos","status":"publish","type":"page","link":"https:\/\/production.sitrack.com.uy\/portal\/quienes-somos\/","title":{"rendered":"QUI\u00c9NES SOMOS"},"content":{"rendered":"<p>[vc_row css=&#8221;.vc_custom_1479829164930{background-image: url(\/portal\/wp-content\/uploads\/sites\/3\/2016\/12\/back-quienes-somos.jpg) !important;background-position: center !important;background-repeat: no-repeat !important;background-size: cover !important;}&#8221; el_id=&#8221;black-soluciones &#8220;][vc_column css=&#8221;.vc_custom_1494448148561{margin-top: 0px !important;border-top-width: 0px !important;padding-top: 0px !important;background-color: rgba(23,44,65,0.6) !important;*background-color: rgb(23,44,65) !important;}&#8221;][vc_column_text css=&#8221;.vc_custom_1494448601647{margin-top: 0px !important;margin-bottom: 0px !important;border-top-width: 0px !important;border-bottom-width: 0px !important;padding-top: 45px !important;padding-bottom: 45px !important;}&#8221; el_class=&#8221;h1-2017&#8243;]<\/p>\n<h1>QUI\u00c9NES SOMOS<\/h1>\n<p>[\/vc_column_text][\/vc_column][\/vc_row][vc_row css=&#8221;.vc_custom_1476889067024{margin-top: 0px !important;margin-bottom: 0px !important;border-top-width: 0px !important;border-bottom-width: 0px !important;padding-top: 38px !important;padding-bottom: 0px !important;}&#8221;][vc_column width=&#8221;2\/3&#8243; css=&#8221;.vc_custom_1495129915954{margin-top: 0px !important;margin-bottom: 0px !important;border-top-width: 0px !important;border-bottom-width: 0px !important;padding-top: 0px !important;padding-right: 4% !important;padding-bottom: 0px !important;}&#8221; el_class=&#8221;margen-2017&#8243;][vc_column_text el_class=&#8221;text-linea-n&#8221;]Con una amplia trayectoria en el mercado, nos hemos consolidado como una empresa seria y responsable, dedicada a la provisi\u00f3n de servicios de informaci\u00f3n con tecnolog\u00eda de punta.<br \/>\n\u00a1Conoce m\u00e1s de nosotros!.[\/vc_column_text][vc_column_text]<\/p>\n<h2><img loading=\"lazy\" class=\"alignnone size-full wp-image-190\" src=\"\/portal\/wp-content\/uploads\/sites\/3\/2016\/12\/empresa.svg\" alt=\"empresa\" width=\"45\" height=\"49\" \/>\u00a0Empresa<\/h2>\n<p>Fundada en 1999, somos una empresa de alta tecnolog\u00eda dedicada a la provisi\u00f3n de servicios de informaci\u00f3n a medida.<\/p>\n<p>Colaboramos estrechamente con nuestros clientes en el desarrollo de herramientas adaptadas a su operatoria y necesidades, aportando soluciones integrales de servicio a los sectores Log\u00edstico, Naviero, Petrolero, Residuo, Maquinaria, Dadores de Carga y Diagn\u00f3stico, entre otros.<\/p>\n<p>Nuestra empresa posee oficinas y operaci\u00f3n 24\/7 en Argentina, Brasil, Chile, Uruguay y M\u00e9xico, siendo la \u00fanica empresa que abarca totalmente el corredor Bioce\u00e1nico, y que adem\u00e1s desarrollamos una de las m\u00e1s amplias redes de instalaci\u00f3n y servicios de Sudam\u00e9rica.<\/p>\n<p>En la actualidad, m\u00e1s de 250 profesionales altamente capacitados desarrollan y operan los diferentes sistemas que prestan servicio a m\u00e1s de 100.000 m\u00f3viles distribuidos en las principales empresas de Am\u00e9rica Latina.[\/vc_column_text][vc_column_text]<\/p>\n<h2><img loading=\"lazy\" class=\"alignnone size-full wp-image-193\" src=\"\/portal\/wp-content\/uploads\/sites\/3\/2016\/12\/mision.svg\" alt=\"mision\" width=\"53\" height=\"53\" \/>\u00a0Nuestra Misi\u00f3n<\/h2>\n<p>Nuestra Misi\u00f3n es integrarnos de manera efectiva en la cadena de negocio de nuestros clientes, permiti\u00e9ndoles a trav\u00e9s de nuestros servicios controlar y asegurar el bienestar de sus capitales, reducir sus costos, y observar y efectivizar su operaci\u00f3n.[\/vc_column_text][vc_column_text]<\/p>\n<h2><img loading=\"lazy\" class=\"alignnone size-full wp-image-194\" src=\"\/portal\/wp-content\/uploads\/sites\/3\/2016\/12\/valores.svg\" alt=\"valores\" width=\"51\" height=\"47\" \/>\u00a0Nuestros Valores<\/h2>\n<ul>\n<li><span style=\"color: #7388a6;\">Orientaci\u00f3n hacia el servicio al cliente: permanente actitud de respeto y preocupaci\u00f3n ante los requerimientos de los clientes, internos y externos; as\u00ed como una constante investigaci\u00f3n de sus necesidades.<\/span><\/li>\n<li><span style=\"color: #7388a6;\">B\u00fasqueda constante de la excelencia en los procesos, productos y servicios: a los fines de cumplir las expectativas de los clientes en cuanto a tiempo, costo y calidad. Transparencia interna: actuaci\u00f3n empresarial y funcionarios apegados a la legalidad, criterios t\u00e9cnicos y principios \u00e9ticos.<\/span><\/li>\n<li><span style=\"color: #7388a6;\">Trabajo en equipo y convergencia de esfuerzos: disposici\u00f3n de esfuerzos en procura de la realizaci\u00f3n de los objetivos estrat\u00e9gicos de la empresa, compatibilizando los objetivos individuales y grupales con los de la organizaci\u00f3n.<\/span><\/li>\n<\/ul>\n<p>[\/vc_column_text][\/vc_column][vc_column width=&#8221;1\/3&#8243; css=&#8221;.vc_custom_1477509167713{background-color: #f7f8fc !important;}&#8221;][vc_raw_html css=&#8221;.vc_custom_1495130853531{padding-right: 8% !important;padding-left: 8% !important;}&#8221;]JTNDaDIlMjBzdHlsZSUzRCUyMnRleHQtYWxpZ24lM0ElMjBjZW50ZXIlM0IlMjIlM0VUUkFCQUpBJTIwQ09OJTIwTk9TT1RST1MlM0MlMkZoMiUzRSUwQSUwQSUzQ2hyJTIwY2xhc3MlM0QlMjJsaW5lYTIlMjIlMjAlMkYlM0UlMEElMEElM0MlMjEtLSUyMCU1QmlmJTIwbHRlJTIwSUUlMjA4JTVEJTNFJTBBJTNDc2NyaXB0JTIwY2hhcnNldCUzRCUyMnV0Zi04JTIyJTIwdHlwZSUzRCUyMnRleHQlMkZqYXZhc2NyaXB0JTIyJTIwc3JjJTNEJTIyJTJGJTJGanMuaHNmb3Jtcy5uZXQlMkZmb3JtcyUyRnYyLWxlZ2FjeS5qcyUyMiUzRSUzQyUyRnNjcmlwdCUzRSUwQSUzQyUyMSU1QmVuZGlmJTVELS0lM0UlMEElM0NzY3JpcHQlMjBjaGFyc2V0JTNEJTIydXRmLTglMjIlMjB0eXBlJTNEJTIydGV4dCUyRmphdmFzY3JpcHQlMjIlMjBzcmMlM0QlMjIlMkYlMkZqcy5oc2Zvcm1zLm5ldCUyRmZvcm1zJTJGdjIuanMlMjIlM0UlM0MlMkZzY3JpcHQlM0UlMEElM0NzY3JpcHQlM0UlMEElMjAlMjBoYnNwdC5mb3Jtcy5jcmVhdGUlMjglN0IlMjAlMEElMjAlMjAlMjAlMjBjc3MlM0ElMjAlMjclMjclMkMlMEElMjAlMjAlMjAlMjB0YXJnZXQlM0ElMjAlMjclMjNmb3JtLWh1YnNwb3QtMSUyNyUyQyUwQSUyMCUyMCUyMCUyMHBvcnRhbElkJTNBJTIwJTI3MjQyNzEyMSUyNyUyQyUwQSUyMCUyMCUyMCUyMGZvcm1JZCUzQSUyMCUyN2MyN2QxMmE3LWU1MjEtNDFiNy04NWJmLTI4NjgwMjc2ZGFkNCUyNyUwQSUyMCUyMCU3RCUyOSUzQiUwQSUzQyUyRnNjcmlwdCUzRSUwQSUzQ2RpdiUyMGlkJTNEJTIyZm9ybS1odWJzcG90LTElMjIlM0UlM0MlMkZkaXYlM0U=[\/vc_raw_html][\/vc_column][\/vc_row][vc_row css=&#8221;.vc_custom_1476889067024{margin-top: 0px !important;margin-bottom: 0px !important;border-top-width: 0px !important;border-bottom-width: 0px !important;padding-top: 38px !important;padding-bottom: 0px !important;}&#8221;][vc_column css=&#8221;.vc_custom_1476889130023{margin-top: 0px !important;margin-bottom: 0px !important;border-top-width: 0px !important;border-bottom-width: 0px !important;padding-top: 0px !important;padding-bottom: 0px !important;}&#8221;][vc_row_inner][vc_column_inner][\/vc_column_inner][\/vc_row_inner][\/vc_column][\/vc_row]<\/p>\n","protected":false},"excerpt":{"rendered":"<p>[vc_row css=&#8221;.vc_custom_1479829164930{background-image: url(\/portal\/wp-content\/uploads\/sites\/3\/2016\/12\/back-quienes-somos.jpg) !important;background-position: center !important;background-repeat: no-repeat !important;background-size: cover !important;}&#8221; el_id=&#8221;black-soluciones &#8220;][vc_column css=&#8221;.vc_custom_1494448148561{margin-top: 0px !important;border-top-width: 0px !important;padding-top: 0px !important;background-color: rgba(23,44,65,0.6) !important;*background-color: rgb(23,44,65) !important;}&#8221;][vc_column_text css=&#8221;.vc_custom_1494448601647{margin-top: 0px !important;margin-bottom: [&hellip;]<\/p>\n","protected":false},"author":1,"featured_media":0,"parent":0,"menu_order":2,"comment_status":"closed","ping_status":"closed","template":"","meta":[],"yoast_head":"<!-- This site is optimized with the Yoast SEO plugin v15.5 - https:\/\/yoast.com\/wordpress\/plugins\/seo\/ -->\n<title>QUI\u00c9NES SOMOS - production.sitrack.com.uy<\/title>\n<meta name=\"robots\" content=\"index, follow, max-snippet:-1, max-image-preview:large, max-video-preview:-1\" \/>\n<link rel=\"canonical\" href=\"https:\/\/production.sitrack.com.uy\/portal\/quienes-somos\/\" \/>\n<meta property=\"og:locale\" content=\"es_ES\" \/>\n<meta property=\"og:type\" content=\"article\" \/>\n<meta property=\"og:title\" content=\"QUI\u00c9NES SOMOS - production.sitrack.com.uy\" \/>\n<meta property=\"og:description\" content=\"[vc_row css=&#8221;.vc_custom_1479829164930{background-image: url(\/portal\/wp-content\/uploads\/sites\/3\/2016\/12\/back-quienes-somos.jpg) !important;background-position: center !important;background-repeat: no-repeat !important;background-size: cover !important;}&#8221; el_id=&#8221;black-soluciones &#8220;][vc_column css=&#8221;.vc_custom_1494448148561{margin-top: 0px !important;border-top-width: 0px !important;padding-top: 0px !important;background-color: rgba(23,44,65,0.6) !important;*background-color: rgb(23,44,65) !important;}&#8221;][vc_column_text css=&#8221;.vc_custom_1494448601647{margin-top: 0px !important;margin-bottom: [&hellip;]\" \/>\n<meta property=\"og:url\" content=\"https:\/\/production.sitrack.com.uy\/portal\/quienes-somos\/\" \/>\n<meta property=\"og:site_name\" content=\"production.sitrack.com.uy\" \/>\n<meta property=\"article:modified_time\" content=\"2020-03-10T20:10:37+00:00\" \/>\n<meta property=\"og:image\" content=\"https:\/\/production.sitrack.com.uy\/portal\/wp-content\/uploads\/sites\/3\/2016\/12\/empresa.svg\" \/>\n<meta name=\"twitter:card\" content=\"summary\" \/>\n<meta name=\"twitter:label1\" content=\"Est. reading time\">\n\t<meta name=\"twitter:data1\" content=\"3 minutos\">\n<script type=\"application\/ld+json\" class=\"yoast-schema-graph\">{\"@context\":\"https:\/\/schema.org\",\"@graph\":[{\"@type\":\"WebSite\",\"@id\":\"https:\/\/production.sitrack.com.uy\/portal\/#website\",\"url\":\"https:\/\/production.sitrack.com.uy\/portal\/\",\"name\":\"production.sitrack.com.uy\",\"description\":\"Otro sitio de Sitios sitrack\",\"potentialAction\":[{\"@type\":\"SearchAction\",\"target\":\"https:\/\/production.sitrack.com.uy\/portal\/?s={search_term_string}\",\"query-input\":\"required name=search_term_string\"}],\"inLanguage\":\"es-CL\"},{\"@type\":\"ImageObject\",\"@id\":\"https:\/\/production.sitrack.com.uy\/portal\/quienes-somos\/#primaryimage\",\"inLanguage\":\"es-CL\",\"url\":\"\/portal\/wp-content\/uploads\/sites\/3\/2016\/12\/empresa.svg\"},{\"@type\":\"WebPage\",\"@id\":\"https:\/\/production.sitrack.com.uy\/portal\/quienes-somos\/#webpage\",\"url\":\"https:\/\/production.sitrack.com.uy\/portal\/quienes-somos\/\",\"name\":\"QUI\\u00c9NES SOMOS - production.sitrack.com.uy\",\"isPartOf\":{\"@id\":\"https:\/\/production.sitrack.com.uy\/portal\/#website\"},\"primaryImageOfPage\":{\"@id\":\"https:\/\/production.sitrack.com.uy\/portal\/quienes-somos\/#primaryimage\"},\"datePublished\":\"2018-11-15T19:04:29+00:00\",\"dateModified\":\"2020-03-10T20:10:37+00:00\",\"inLanguage\":\"es-CL\",\"potentialAction\":[{\"@type\":\"ReadAction\",\"target\":[\"https:\/\/production.sitrack.com.uy\/portal\/quienes-somos\/\"]}]}]}<\/script>\n<!-- \/ Yoast SEO plugin. -->","_links":{"self":[{"href":"https:\/\/production.sitrack.com.uy\/portal\/wp-json\/wp\/v2\/pages\/14"}],"collection":[{"href":"https:\/\/production.sitrack.com.uy\/portal\/wp-json\/wp\/v2\/pages"}],"about":[{"href":"https:\/\/production.sitrack.com.uy\/portal\/wp-json\/wp\/v2\/types\/page"}],"author":[{"embeddable":true,"href":"https:\/\/production.sitrack.com.uy\/portal\/wp-json\/wp\/v2\/users\/1"}],"replies":[{"embeddable":true,"href":"https:\/\/production.sitrack.com.uy\/portal\/wp-json\/wp\/v2\/comments?post=14"}],"version-history":[{"count":3,"href":"https:\/\/production.sitrack.com.uy\/portal\/wp-json\/wp\/v2\/pages\/14\/revisions"}],"predecessor-version":[{"id":76,"href":"https:\/\/production.sitrack.com.uy\/portal\/wp-json\/wp\/v2\/pages\/14\/revisions\/76"}],"wp:attachment":[{"href":"https:\/\/production.sitrack.com.uy\/portal\/wp-json\/wp\/v2\/media?parent=14"}],"curies":[{"name":"wp","href":"https:\/\/api.w.org\/{rel}","templated":true}]}}