{"id":16,"date":"2018-11-15T19:07:15","date_gmt":"2018-11-15T19:07:15","guid":{"rendered":"production.sitrack.com.uy\/portal\/?page_id=16"},"modified":"2019-09-09T16:16:16","modified_gmt":"2019-09-09T16:16:16","slug":"soluciones","status":"publish","type":"page","link":"https:\/\/production.sitrack.com.uy\/portal\/soluciones\/","title":{"rendered":"Soluciones"},"content":{"rendered":"<p>[vc_row css=&#8221;.vc_custom_1495042739368{background-image: url(\/portal\/wp-content\/uploads\/sites\/3\/2017\/05\/banner-soluciones.png?id=889) !important;background-position: center !important;background-repeat: no-repeat !important;background-size: cover !important;}&#8221; el_id=&#8221;black-soluciones &#8220;][vc_column][vc_column_text el_class=&#8221;black-soluciones h1-2017&#8221;]<\/p>\n<h1>SOLUCIONES<\/h1>\n<p>[\/vc_column_text][\/vc_column][\/vc_row][vc_row][vc_column width=&#8221;1\/6&#8243;][\/vc_column][vc_column width=&#8221;2\/3&#8243;][vc_column_text el_class=&#8221;borde-naranjo-l-r wid-ju&#8221;]<\/p>\n<p style=\"text-align: center;\">Pensando siempre en ti, tenemos una amplia gama de servicios disponibles para hacer de tu trabajo, una gesti\u00f3n mucho m\u00e1s efectiva.<br \/>\n<strong>\u00a1Cuenta con nosotros para ayudarte a solventar las dificultades que se te presenten!<\/strong><\/p>\n<p>[\/vc_column_text][\/vc_column][vc_column width=&#8221;1\/6&#8243;][\/vc_column][\/vc_row][vc_row el_id=&#8221;seccion-ellos-confian-en-nosotros&#8221; css=&#8221;.vc_custom_1477594862904{margin-bottom: 0px !important;}&#8221;][vc_column][vc_tta_tabs spacing=&#8221;&#8221; active_section=&#8221;1&#8243; no_fill_content_area=&#8221;true&#8221; el_class=&#8221;col-20-ser ndf&#8221;][vc_tta_section title=&#8221;<b><\/b>Rastreo satelital inteligente&#8221; tab_id=&#8221;rastreo-satelital-inteligente&#8221;][vc_row_inner][vc_column_inner width=&#8221;1\/4&#8243;][vc_column_text]<img loading=\"lazy\" class=\"alignnone wp-image-236 size-full\" src=\"\/portal\/wp-content\/uploads\/banners\/rastreo-satelital.png\" alt=\"sol-4\" width=\"265\" height=\"436\" \/>[\/vc_column_text][\/vc_column_inner][vc_column_inner width=&#8221;3\/4&#8243;][vc_column_text el_class=&#8221;contenido-pestanas-inerna&#8221;]<strong>Monitorea y protege los bienes de tu empresa a trav\u00e9s de la implementaci\u00f3n de GPS con informaci\u00f3n en tiempo real, controlando el cumplimiento de rutas y geocercas, sistema anti-vand\u00e1licos y mucho m\u00e1s.<\/strong><\/p>\n<p><strong>Control de cumplimientos de programaci\u00f3n de viajes<\/strong><br \/>\nPodr\u00e1s monitorear rutas, paradas realizadas, posici\u00f3n y horario, adem\u00e1s de medir el tiempo de llegada y salida.<\/p>\n<p><strong>Detecci\u00f3n de jamming celular y bloqueo de GPS<\/strong><br \/>\nEvita que bloqueen el funcionamiento de rastreo GPS instalado en el cami\u00f3n (jamming) de manera que no puedan inhibir la se\u00f1al satelital.<\/p>\n<p><strong>Sistema de prevenci\u00f3n de riesgos y p\u00e9rdidas<\/strong><br \/>\nEvita accidentes y robos midiendo peso transportado, presi\u00f3n y temperatura de neum\u00e1ticos, fatiga y distracci\u00f3n del conductor, velocidades seg\u00fan clima, salidas de carril y mucho m\u00e1s.<\/p>\n<p><a class=\"btn-b1 _mPS2id-h\" href=\"#tri-from\" rel=\"m_PageScroll2id\">\u00a1CONVERSA CON NOSOTROS!<\/a>[\/vc_column_text][\/vc_column_inner][\/vc_row_inner][\/vc_tta_section][vc_tta_section title=&#8221;<b><\/b>Controla el uso y robo de combustible&#8221; tab_id=&#8221;Controla-el-uso-y-robo-de-combustible&#8221;][vc_row_inner][vc_column_inner width=&#8221;1\/4&#8243;][vc_column_text]<img loading=\"lazy\" class=\"alignnone wp-image-237 size-full\" src=\"\/portal\/wp-content\/uploads\/banners\/controla-laperdida.png\" alt=\"sol-3\" width=\"265\" height=\"436\" \/><br \/>\n[\/vc_column_text][\/vc_column_inner][vc_column_inner width=&#8221;3\/4&#8243;][vc_column_text el_class=&#8221;contenido-pestanas-inerna&#8221;]<strong>Rinde al m\u00e1ximo los bienes de tu empresa evaluando el perfil o forma de manejo, el rendimiento de las unidades y midiendo el nivel de combustible para evitar mermas y controlar el mal uso.<\/strong><\/p>\n<p><strong>Control de cisternas de combustible<\/strong><br \/>\nPermiten cubrir de manera segura y controlada la cadena de proceso de transporte (carga\/ env\u00edo \/ descarga).<\/p>\n<p><strong>Monitoreo de nivel de combustible<\/strong><br \/>\nMide el nivel de combustible en los estanques, transmitiendo este dato a intervalos regulares, determinando situaciones de carga y descarga, variaciones de nivel, conocer el lugar de esas variaciones, etc.<\/p>\n<p><strong>Control de conducci\u00f3n y gastos<\/strong><br \/>\nEvaluaci\u00f3n de rendimiento de combustible y perfil de manejo en base a torque, aceleraci\u00f3n, velocidades promedio y mucho m\u00e1s.<\/p>\n<p><a class=\"btn-b1 _mPS2id-h\" href=\"#tri-from\" rel=\"m_PageScroll2id\">\u00a1CONVERSA CON NOSOTROS!<\/a>[\/vc_column_text][\/vc_column_inner][\/vc_row_inner][\/vc_tta_section][vc_tta_section title=&#8221;<b><\/b>Transporte seguro de carga&#8221; tab_id=&#8221;transporte-seguro-de-carga&#8221;][vc_row_inner][vc_column_inner width=&#8221;1\/4&#8243;][vc_column_text]<img loading=\"lazy\" class=\"alignnone wp-image-237 size-full\" src=\"\/portal\/wp-content\/uploads\/banners\/transporta-seguro.png\" alt=\"sol-3\" width=\"265\" height=\"436\" \/>[\/vc_column_text][\/vc_column_inner][vc_column_inner width=&#8221;3\/4&#8243;][vc_column_text el_class=&#8221;contenido-pestanas-inerna&#8221;]<strong>Protege el cargamento de tus camiones y rentabiliza las ganancias de tu empresa controlando la temperatura, el peso y la seguridad de tu mercanc\u00eda.<\/strong><\/p>\n<p><strong>Sistema anti-vand\u00e1lico<\/strong><br \/>\nMonitorea la detenci\u00f3n de tu cami\u00f3n de forma controlada, aut\u00f3noma o remota, adem\u00e1s de controlar la apertura de puertas de tu cami\u00f3n, tanto del remolque como de la cabina.<\/p>\n<p><strong>Detecci\u00f3n de jamming celular y bloqueo de GPS<\/strong><br \/>\nEl jammer bloquea el funcionamiento de rastreo GPS instalado en tu veh\u00edculo y con esto los ladrones evitan ser localizados v\u00eda sat\u00e9lite al momento de ejecutar el robo.<\/p>\n<p><strong>Control de carga transportada<\/strong><br \/>\nMide la temperatura del cargamento, controla el desacoplamiento o apertura del remolque, detecta los impactos a trav\u00e9s de un aceler\u00f3metro y mucho m\u00e1s.<\/p>\n<p><a class=\"btn-b1 _mPS2id-h\" href=\"#tri-from\" rel=\"m_PageScroll2id\">\u00a1CONVERSA CON NOSOTROS!<\/a>[\/vc_column_text][\/vc_column_inner][\/vc_row_inner][\/vc_tta_section][vc_tta_section title=&#8221;<b><\/b>Seguridad en la conducci\u00f3n&#8221; tab_id=&#8221;seguridad-en-la-conduccion&#8221;][vc_row_inner][vc_column_inner width=&#8221;1\/4&#8243;][vc_column_text]<img loading=\"lazy\" class=\"alignnone wp-image-237 size-full\" src=\"\/portal\/wp-content\/uploads\/banners\/seguridad-en-la-conduccion.png\" alt=\"sol-3\" width=\"265\" height=\"436\" \/>[\/vc_column_text][\/vc_column_inner][vc_column_inner width=&#8221;3\/4&#8243;][vc_column_text el_class=&#8221;contenido-pestanas-inerna&#8221;]<strong>Potencia y controla la seguridad de los conductores y los camiones de tu empresa mientras est\u00e1n en ruta a trav\u00e9s de estos elementos:<\/strong><\/p>\n<p><strong>Control de jornada de trabajo<\/strong><br \/>\nObt\u00e9n un estimado con informaci\u00f3n sobre conducci\u00f3n vs. descanso de tus conductores y realiza un checklist pre operativo para conocer el estado del veh\u00edculo antes del trayecto.<\/p>\n<p><strong>Monitorea el viaje de tus conductores<\/strong><br \/>\nTendr\u00e1s la posibilidad de controlar y ser informado de velocidades de conducci\u00f3n, fatiga\/distracci\u00f3n del conductor, manejo brusco, peso transportado, fallas del veh\u00edculo, etc.<\/p>\n<p><strong>Eval\u00faa la calidad de manejo del conductor<\/strong><br \/>\nRealiza un perfil de conducci\u00f3n y scoring (mecanismo que permite obtener el perfil de riesgo de un individuo en funci\u00f3n de sus caracter\u00edsticas) para optimizar los recursos de tu empresa.<\/p>\n<p><a class=\"btn-b1 _mPS2id-h\" href=\"#tri-from\" rel=\"m_PageScroll2id\">\u00a1CONVERSA CON NOSOTROS!<\/a>[\/vc_column_text][\/vc_column_inner][\/vc_row_inner][\/vc_tta_section][\/vc_tta_tabs][vc_column_text css=&#8221;.vc_custom_1477595021712{margin-top: 0px !important;margin-bottom: 15px !important;padding-top: 0px !important;padding-bottom: 0px !important;}&#8221;]<\/p>\n<hr \/>\n<p>[\/vc_column_text][\/vc_column][\/vc_row][vc_row css=&#8221;.vc_custom_1477492456886{margin-top: 0px !important;margin-bottom: 0px !important;padding-top: 0px !important;padding-bottom: 0px !important;}&#8221; el_id=&#8221;seccion-e-book&#8221;][vc_column css=&#8221;.vc_custom_1476822087035{margin-top: 0px !important;margin-bottom: 0px !important;padding-top: 0px !important;padding-bottom: 0px !important;}&#8221;][vc_row_inner css=&#8221;.vc_custom_1477492448227{margin-bottom: 0px !important;}&#8221;][vc_column_inner width=&#8221;1\/3&#8243;][vc_column_text]<img loading=\"lazy\" class=\"size-full wp-image-88 alignright\" style=\"margin-top: -19px;\" src=\"production.sitrack.com\/portal\/wp-content\/uploads\/2019\/04\/Miniatura-Optimizador.png\" alt=\"e-book\" width=\"110\" height=\"auto\" \/>[\/vc_column_text][\/vc_column_inner][vc_column_inner width=&#8221;2\/3&#8243;][vc_column_text css=&#8221;.vc_custom_1568045772898{margin-bottom: 0px !important;padding-top: 48px !important;padding-bottom: 48px !important;}&#8221;]<\/p>\n<p style=\"margin-bottom: 0px;\"><span style=\"color: #7388a6;\"><strong>OPTIMIZADOR DE RUTAS PERSONALIZABLE<\/strong><\/span><\/p>\n<p><span style=\"color: #7388a6; font-size: 16px;\">\u00bfTienes dificultades en tu log\u00edstica de distribuci\u00f3n? Conoce la soluci\u00f3n integral para esta problem\u00e1tica.<\/span><\/p>\n<p style=\"text-align: left;\"><a class=\"btn-b2\" href=\"http:\/\/landing.sitrack.com\/optimizador-de-rutas\">DESCARGA GRATIS<\/a><\/p>\n<p>[\/vc_column_text][\/vc_column_inner][\/vc_row_inner][\/vc_column][\/vc_row][vc_row full_width=&#8221;stretch_row_content_no_spaces&#8221; el_id=&#8221;tri-from&#8221; css=&#8221;.vc_custom_1494963794936{background-color: #f7f8fc !important;}&#8221;][vc_column width=&#8221;1\/4&#8243;][\/vc_column][vc_column width=&#8221;1\/2&#8243;][vc_raw_js]JTNDJTIxLS0lNUJpZiUyMGx0ZSUyMElFJTIwOCU1RCUzRSUwQSUzQ3NjcmlwdCUyMGNoYXJzZXQlM0QlMjJ1dGYtOCUyMiUyMHR5cGUlM0QlMjJ0ZXh0JTJGamF2YXNjcmlwdCUyMiUyMHNyYyUzRCUyMiUyRiUyRmpzLmhzZm9ybXMubmV0JTJGZm9ybXMlMkZ2Mi1sZWdhY3kuanMlMjIlM0UlM0MlMkZzY3JpcHQlM0UlMEElM0MlMjElNUJlbmRpZiU1RC0tJTNFJTBBJTNDc2NyaXB0JTIwY2hhcnNldCUzRCUyMnV0Zi04JTIyJTIwdHlwZSUzRCUyMnRleHQlMkZqYXZhc2NyaXB0JTIyJTIwc3JjJTNEJTIyJTJGJTJGanMuaHNmb3Jtcy5uZXQlMkZmb3JtcyUyRnYyLmpzJTIyJTNFJTNDJTJGc2NyaXB0JTNF[\/vc_raw_js][vc_column_text el_class=&#8221;size-h2&#8243;]<\/p>\n<h2 style=\"text-align: center;\">ESTEMOS EN CONTACTO<\/h2>\n<hr class=\"linea2\" \/>\n<p>[\/vc_column_text][vc_tta_tabs color=&#8221;white&#8221; active_section=&#8221;1&#8243; css_animation=&#8221;fadeIn&#8221;][vc_tta_section title=&#8221;COTIZAR SERVICIOS&#8221; tab_id=&#8221;cotizar-servicios0ba3-4932&#8243;][vc_raw_js]JTNDc2NyaXB0JTNFJTBBJTIwJTIwaGJzcHQuZm9ybXMuY3JlYXRlJTI4JTdCJTIwJTBBJTIwJTIwJTIwJTIwY3NzJTNBJTIwJTI3JTI3JTJDJTBBJTIwJTIwJTIwJTIwdGFyZ2V0JTNBJTIwJTI3JTIzZm9ybS1odWJzcG90LTElMjclMkMlMEElMjAlMjAlMjAlMjBwb3J0YWxJZCUzQSUyMCUyNzI0MjcxMjElMjclMkMlMEElMjAlMjAlMjAlMjBmb3JtSWQlM0ElMjAlMjc1ZTcxOTkxYS05YjU3LTQ0ODktYWRiNi1iYWQ1ZGQwY2NhODglMjclMEElMjAlMjAlN0QlMjklM0IlMEElM0MlMkZzY3JpcHQlM0UlMEElMEElM0NkaXYlMjBpZCUzRCUyMmZvcm0taHVic3BvdC0xJTIyJTNFJTIwJTNDJTJGZGl2JTNFJTBB[\/vc_raw_js][\/vc_tta_section][vc_tta_section title=&#8221;PEDIR SOPORTE&#8221; tab_id=&#8221;pedir-soporte0ba3-4932&#8243;][vc_raw_js]JTNDc2NyaXB0JTNFJTBBJTIwJTIwaGJzcHQuZm9ybXMuY3JlYXRlJTI4JTdCJTIwJTBBJTIwJTIwJTIwJTIwY3NzJTNBJTIwJTI3JTI3JTJDJTBBJTIwJTIwJTIwJTIwdGFyZ2V0JTNBJTIwJTI3JTIzZm9ybS1odWJzcG90LTIlMjclMkMlMEElMjAlMjAlMjAlMjBwb3J0YWxJZCUzQSUyMCUyNzI0MjcxMjElMjclMkMlMEElMjAlMjAlMjAlMjBmb3JtSWQlM0ElMjAlMjdhMDhhMzQ2NC05YjdlLTRmZTAtYTYzZC1jNWNkZTI3YWY5OTIlMjclMEElMjAlMjAlN0QlMjklM0IlMEElM0MlMkZzY3JpcHQlM0UlMEElM0NkaXYlMjBpZCUzRCUyMmZvcm0taHVic3BvdC0yJTIyJTNFJTIwJTNDJTJGZGl2JTNF[\/vc_raw_js][\/vc_tta_section][vc_tta_section title=&#8221;TRABAJA CON NOSOTROS&#8221; tab_id=&#8221;trabaja-con-nosotros0ba3-4932&#8243;][vc_raw_js]JTNDc2NyaXB0JTNFJTBBJTIwJTIwaGJzcHQuZm9ybXMuY3JlYXRlJTI4JTdCJTIwJTBBJTIwJTIwJTIwJTIwY3NzJTNBJTIwJTI3JTI3JTJDJTBBJTIwJTIwJTIwJTIwdGFyZ2V0JTNBJTIwJTI3JTIzZm9ybS1odWJzcG90LTMlMjclMkMlMEElMjAlMjAlMjAlMjBwb3J0YWxJZCUzQSUyMCUyNzI0MjcxMjElMjclMkMlMEElMjAlMjAlMjAlMjBmb3JtSWQlM0ElMjAlMjdjMjdkMTJhNy1lNTIxLTQxYjctODViZi0yODY4MDI3NmRhZDQlMjclMEElMjAlMjAlN0QlMjklM0IlMEElM0MlMkZzY3JpcHQlM0UlMEElMEElM0NkaXYlMjBpZCUzRCUyMmZvcm0taHVic3BvdC0zJTIyJTNFJTIwJTNDJTJGZGl2JTNF[\/vc_raw_js][\/vc_tta_section][\/vc_tta_tabs][\/vc_column][vc_column width=&#8221;1\/4&#8243;][\/vc_column][\/vc_row][vc_row css=&#8221;.vc_custom_1476889067024{margin-top: 0px !important;margin-bottom: 0px !important;border-top-width: 0px !important;border-bottom-width: 0px !important;padding-top: 38px !important;padding-bottom: 0px !important;}&#8221;][vc_column css=&#8221;.vc_custom_1476889130023{margin-top: 0px !important;margin-bottom: 0px !important;border-top-width: 0px !important;border-bottom-width: 0px !important;padding-top: 0px !important;padding-bottom: 0px !important;}&#8221;][\/vc_column][\/vc_row]<\/p>\n","protected":false},"excerpt":{"rendered":"<p>[vc_row css=&#8221;.vc_custom_1495042739368{background-image: url(\/portal\/wp-content\/uploads\/sites\/3\/2017\/05\/banner-soluciones.png?id=889) !important;background-position: center !important;background-repeat: no-repeat !important;background-size: cover !important;}&#8221; el_id=&#8221;black-soluciones &#8220;][vc_column][vc_column_text el_class=&#8221;black-soluciones h1-2017&#8221;] SOLUCIONES [\/vc_column_text][\/vc_column][\/vc_row][vc_row][vc_column width=&#8221;1\/6&#8243;][\/vc_column][vc_column width=&#8221;2\/3&#8243;][vc_column_text el_class=&#8221;borde-naranjo-l-r wid-ju&#8221;] Pensando siempre en ti, tenemos una [&hellip;]<\/p>\n","protected":false},"author":1,"featured_media":0,"parent":0,"menu_order":3,"comment_status":"closed","ping_status":"closed","template":"","meta":[],"yoast_head":"<!-- This site is optimized with the Yoast SEO plugin v15.5 - https:\/\/yoast.com\/wordpress\/plugins\/seo\/ -->\n<title>Soluciones - production.sitrack.com.uy<\/title>\n<meta name=\"robots\" content=\"index, follow, max-snippet:-1, max-image-preview:large, max-video-preview:-1\" \/>\n<link rel=\"canonical\" href=\"https:\/\/production.sitrack.com.uy\/portal\/soluciones\/\" \/>\n<meta property=\"og:locale\" content=\"es_ES\" \/>\n<meta property=\"og:type\" content=\"article\" \/>\n<meta property=\"og:title\" content=\"Soluciones - production.sitrack.com.uy\" \/>\n<meta property=\"og:description\" content=\"[vc_row css=&#8221;.vc_custom_1495042739368{background-image: url(\/portal\/wp-content\/uploads\/sites\/3\/2017\/05\/banner-soluciones.png?id=889) !important;background-position: center !important;background-repeat: no-repeat !important;background-size: cover !important;}&#8221; el_id=&#8221;black-soluciones &#8220;][vc_column][vc_column_text el_class=&#8221;black-soluciones h1-2017&#8221;] SOLUCIONES [\/vc_column_text][\/vc_column][\/vc_row][vc_row][vc_column width=&#8221;1\/6&#8243;][\/vc_column][vc_column width=&#8221;2\/3&#8243;][vc_column_text el_class=&#8221;borde-naranjo-l-r wid-ju&#8221;] Pensando siempre en ti, tenemos una [&hellip;]\" \/>\n<meta property=\"og:url\" content=\"https:\/\/production.sitrack.com.uy\/portal\/soluciones\/\" \/>\n<meta property=\"og:site_name\" content=\"production.sitrack.com.uy\" \/>\n<meta property=\"article:modified_time\" content=\"2019-09-09T16:16:16+00:00\" \/>\n<meta property=\"og:image\" content=\"https:\/\/production.sitrack.com.uy\/portal\/wp-content\/uploads\/banners\/rastreo-satelital.png\" \/>\n<meta name=\"twitter:card\" content=\"summary\" \/>\n<meta name=\"twitter:label1\" content=\"Est. reading time\">\n\t<meta name=\"twitter:data1\" content=\"5 minutos\">\n<script type=\"application\/ld+json\" class=\"yoast-schema-graph\">{\"@context\":\"https:\/\/schema.org\",\"@graph\":[{\"@type\":\"WebSite\",\"@id\":\"https:\/\/production.sitrack.com.uy\/portal\/#website\",\"url\":\"https:\/\/production.sitrack.com.uy\/portal\/\",\"name\":\"production.sitrack.com.uy\",\"description\":\"Otro sitio de Sitios sitrack\",\"potentialAction\":[{\"@type\":\"SearchAction\",\"target\":\"https:\/\/production.sitrack.com.uy\/portal\/?s={search_term_string}\",\"query-input\":\"required name=search_term_string\"}],\"inLanguage\":\"es-CL\"},{\"@type\":\"ImageObject\",\"@id\":\"https:\/\/production.sitrack.com.uy\/portal\/soluciones\/#primaryimage\",\"inLanguage\":\"es-CL\",\"url\":\"\/portal\/wp-content\/uploads\/banners\/rastreo-satelital.png\"},{\"@type\":\"WebPage\",\"@id\":\"https:\/\/production.sitrack.com.uy\/portal\/soluciones\/#webpage\",\"url\":\"https:\/\/production.sitrack.com.uy\/portal\/soluciones\/\",\"name\":\"Soluciones - production.sitrack.com.uy\",\"isPartOf\":{\"@id\":\"https:\/\/production.sitrack.com.uy\/portal\/#website\"},\"primaryImageOfPage\":{\"@id\":\"https:\/\/production.sitrack.com.uy\/portal\/soluciones\/#primaryimage\"},\"datePublished\":\"2018-11-15T19:07:15+00:00\",\"dateModified\":\"2019-09-09T16:16:16+00:00\",\"inLanguage\":\"es-CL\",\"potentialAction\":[{\"@type\":\"ReadAction\",\"target\":[\"https:\/\/production.sitrack.com.uy\/portal\/soluciones\/\"]}]}]}<\/script>\n<!-- \/ Yoast SEO plugin. -->","_links":{"self":[{"href":"https:\/\/production.sitrack.com.uy\/portal\/wp-json\/wp\/v2\/pages\/16"}],"collection":[{"href":"https:\/\/production.sitrack.com.uy\/portal\/wp-json\/wp\/v2\/pages"}],"about":[{"href":"https:\/\/production.sitrack.com.uy\/portal\/wp-json\/wp\/v2\/types\/page"}],"author":[{"embeddable":true,"href":"https:\/\/production.sitrack.com.uy\/portal\/wp-json\/wp\/v2\/users\/1"}],"replies":[{"embeddable":true,"href":"https:\/\/production.sitrack.com.uy\/portal\/wp-json\/wp\/v2\/comments?post=16"}],"version-history":[{"count":3,"href":"https:\/\/production.sitrack.com.uy\/portal\/wp-json\/wp\/v2\/pages\/16\/revisions"}],"predecessor-version":[{"id":72,"href":"https:\/\/production.sitrack.com.uy\/portal\/wp-json\/wp\/v2\/pages\/16\/revisions\/72"}],"wp:attachment":[{"href":"https:\/\/production.sitrack.com.uy\/portal\/wp-json\/wp\/v2\/media?parent=16"}],"curies":[{"name":"wp","href":"https:\/\/api.w.org\/{rel}","templated":true}]}}